{"id":673,"date":"2020-10-21T15:40:30","date_gmt":"2020-10-21T15:40:30","guid":{"rendered":"http:\/\/solcolor.com.co\/?page_id=673"},"modified":"2023-07-26T15:23:16","modified_gmt":"2023-07-26T15:23:16","slug":"productos-y-soluciones","status":"publish","type":"page","link":"https:\/\/solcolor.com.co\/en\/productos-y-soluciones\/","title":{"rendered":"Productos y Soluciones"},"content":{"rendered":"<div data-elementor-type=\"wp-page\" data-elementor-id=\"673\" class=\"elementor elementor-673\">\n\t\t\t\t\t\t<section class=\"elementor-section elementor-top-section elementor-element elementor-element-62217d48 elementor-section-content-middle elementor-section-boxed elementor-section-height-default elementor-section-height-default\" data-id=\"62217d48\" data-element_type=\"section\" data-e-type=\"section\" data-settings=\"{&quot;background_background&quot;:&quot;slideshow&quot;,&quot;background_slideshow_gallery&quot;:[],&quot;background_slideshow_loop&quot;:&quot;yes&quot;,&quot;background_slideshow_slide_duration&quot;:5000,&quot;background_slideshow_slide_transition&quot;:&quot;fade&quot;,&quot;background_slideshow_transition_duration&quot;:500}\">\n\t\t\t\t\t\t<div class=\"elementor-container elementor-column-gap-default\">\n\t\t\t\t\t<div class=\"elementor-column elementor-col-100 elementor-top-column elementor-element elementor-element-20700a01\" data-id=\"20700a01\" data-element_type=\"column\" data-e-type=\"column\">\n\t\t\t<div class=\"elementor-widget-wrap elementor-element-populated\">\n\t\t\t\t\t\t<div class=\"elementor-element elementor-element-44587885 elementor-widget elementor-widget-heading\" data-id=\"44587885\" data-element_type=\"widget\" data-e-type=\"widget\" data-widget_type=\"heading.default\">\n\t\t\t\t<div class=\"elementor-widget-container\">\n\t\t\t\t\t<h3 class=\"elementor-heading-title elementor-size-default\">PRODUCTOS Y SOLUCIONES<\/h3>\t\t\t\t<\/div>\n\t\t\t\t<\/div>\n\t\t\t\t\t<\/div>\n\t\t<\/div>\n\t\t\t\t\t<\/div>\n\t\t<\/section>\n\t\t\t\t<section class=\"elementor-section elementor-top-section elementor-element elementor-element-6560888c elementor-section-content-middle elementor-reverse-mobile elementor-section-boxed elementor-section-height-default elementor-section-height-default\" data-id=\"6560888c\" data-element_type=\"section\" data-e-type=\"section\">\n\t\t\t\t\t\t<div class=\"elementor-container elementor-column-gap-default\">\n\t\t\t\t\t<div class=\"elementor-column elementor-col-50 elementor-top-column elementor-element elementor-element-26209f5a\" data-id=\"26209f5a\" data-element_type=\"column\" data-e-type=\"column\">\n\t\t\t<div class=\"elementor-widget-wrap elementor-element-populated\">\n\t\t\t\t\t\t<div class=\"elementor-element elementor-element-364ec14 elementor-widget elementor-widget-heading\" data-id=\"364ec14\" data-element_type=\"widget\" data-e-type=\"widget\" data-widget_type=\"heading.default\">\n\t\t\t\t<div class=\"elementor-widget-container\">\n\t\t\t\t\t<h3 class=\"elementor-heading-title elementor-size-default\">TEXTIL<\/h3>\t\t\t\t<\/div>\n\t\t\t\t<\/div>\n\t\t\t\t<div class=\"elementor-element elementor-element-22660760 elementor-widget elementor-widget-text-editor\" data-id=\"22660760\" data-element_type=\"widget\" data-e-type=\"widget\" data-widget_type=\"text-editor.default\">\n\t\t\t\t<div class=\"elementor-widget-container\">\n\t\t\t\t\t\t\t\t\t<p>&#8211; COLORANTES DIRECTOS<\/p><p>&#8211; COLORANTES REACTIVOS<\/p><p>&#8211; COLORANTES DISPERSOS<\/p><p>&#8211; COLORANTES \u00c1CIDOS<\/p><p>&#8211; DISPERSIONES PIGMENTARIAS<\/p><p>&#8211; AUXILIARES TEXTILES<\/p><p>&#8211; PRODUCTOS GEN\u00c9RICOS<\/p>\t\t\t\t\t\t\t\t<\/div>\n\t\t\t\t<\/div>\n\t\t\t\t<div class=\"elementor-element elementor-element-767d4271 elementor-align-left elementor-mobile-align-center elementor-widget elementor-widget-button\" data-id=\"767d4271\" data-element_type=\"widget\" data-e-type=\"widget\" data-widget_type=\"button.default\">\n\t\t\t\t<div class=\"elementor-widget-container\">\n\t\t\t\t\t\t\t\t\t<div class=\"elementor-button-wrapper\">\n\t\t\t\t\t<a class=\"elementor-button elementor-button-link elementor-size-md\" href=\"#\">\n\t\t\t\t\t\t<span class=\"elementor-button-content-wrapper\">\n\t\t\t\t\t\t<span class=\"elementor-button-icon\">\n\t\t\t\t<i aria-hidden=\"true\" class=\"fas fa-angle-double-right\"><\/i>\t\t\t<\/span>\n\t\t\t\t\t\t\t\t\t<span class=\"elementor-button-text\">Read More<\/span>\n\t\t\t\t\t<\/span>\n\t\t\t\t\t<\/a>\n\t\t\t\t<\/div>\n\t\t\t\t\t\t\t\t<\/div>\n\t\t\t\t<\/div>\n\t\t\t\t\t<\/div>\n\t\t<\/div>\n\t\t\t\t<div class=\"elementor-column elementor-col-50 elementor-top-column elementor-element elementor-element-43293db1\" data-id=\"43293db1\" data-element_type=\"column\" data-e-type=\"column\">\n\t\t\t<div class=\"elementor-widget-wrap elementor-element-populated\">\n\t\t\t\t\t\t<div class=\"elementor-element elementor-element-2daa52db elementor-widget elementor-widget-image\" data-id=\"2daa52db\" data-element_type=\"widget\" data-e-type=\"widget\" data-widget_type=\"image.default\">\n\t\t\t\t<div class=\"elementor-widget-container\">\n\t\t\t\t\t\t\t\t\t\t\t\t\t\t\t<img fetchpriority=\"high\" decoding=\"async\" width=\"1280\" height=\"1024\" src=\"https:\/\/solcolor.com.co\/wp-content\/uploads\/2020\/11\/Pompones.jpg\" class=\"attachment-full size-full wp-image-866\" alt=\"\" srcset=\"https:\/\/solcolor.com.co\/wp-content\/uploads\/2020\/11\/Pompones.jpg 1280w, https:\/\/solcolor.com.co\/wp-content\/uploads\/2020\/11\/Pompones-300x240.jpg 300w, https:\/\/solcolor.com.co\/wp-content\/uploads\/2020\/11\/Pompones-1024x819.jpg 1024w, https:\/\/solcolor.com.co\/wp-content\/uploads\/2020\/11\/Pompones-768x614.jpg 768w, https:\/\/solcolor.com.co\/wp-content\/uploads\/2020\/11\/Pompones-16x12.jpg 16w, https:\/\/solcolor.com.co\/wp-content\/uploads\/2020\/11\/Pompones-600x480.jpg 600w\" sizes=\"(max-width: 1280px) 100vw, 1280px\" \/>\t\t\t\t\t\t\t\t\t\t\t\t\t\t\t<\/div>\n\t\t\t\t<\/div>\n\t\t\t\t\t<\/div>\n\t\t<\/div>\n\t\t\t\t\t<\/div>\n\t\t<\/section>\n\t\t\t\t<section class=\"elementor-section elementor-top-section elementor-element elementor-element-5e9f0345 elementor-section-content-middle elementor-section-boxed elementor-section-height-default elementor-section-height-default\" data-id=\"5e9f0345\" data-element_type=\"section\" data-e-type=\"section\">\n\t\t\t\t\t\t<div class=\"elementor-container elementor-column-gap-default\">\n\t\t\t\t\t<div class=\"elementor-column elementor-col-50 elementor-top-column elementor-element elementor-element-ae1baa2\" data-id=\"ae1baa2\" data-element_type=\"column\" data-e-type=\"column\">\n\t\t\t<div class=\"elementor-widget-wrap elementor-element-populated\">\n\t\t\t\t\t\t<div class=\"elementor-element elementor-element-50fdab64 elementor-widget elementor-widget-image\" data-id=\"50fdab64\" data-element_type=\"widget\" data-e-type=\"widget\" data-widget_type=\"image.default\">\n\t\t\t\t<div class=\"elementor-widget-container\">\n\t\t\t\t\t\t\t\t\t\t\t\t\t\t\t<img decoding=\"async\" width=\"1920\" height=\"730\" src=\"https:\/\/solcolor.com.co\/wp-content\/uploads\/2020\/10\/Masterbatch-3-1.jpg\" class=\"attachment-full size-full wp-image-597\" alt=\"\" srcset=\"https:\/\/solcolor.com.co\/wp-content\/uploads\/2020\/10\/Masterbatch-3-1.jpg 1920w, https:\/\/solcolor.com.co\/wp-content\/uploads\/2020\/10\/Masterbatch-3-1-300x114.jpg 300w, https:\/\/solcolor.com.co\/wp-content\/uploads\/2020\/10\/Masterbatch-3-1-1024x389.jpg 1024w, https:\/\/solcolor.com.co\/wp-content\/uploads\/2020\/10\/Masterbatch-3-1-768x292.jpg 768w, https:\/\/solcolor.com.co\/wp-content\/uploads\/2020\/10\/Masterbatch-3-1-1536x584.jpg 1536w, https:\/\/solcolor.com.co\/wp-content\/uploads\/2020\/10\/Masterbatch-3-1-16x6.jpg 16w, https:\/\/solcolor.com.co\/wp-content\/uploads\/2020\/10\/Masterbatch-3-1-600x228.jpg 600w\" sizes=\"(max-width: 1920px) 100vw, 1920px\" \/>\t\t\t\t\t\t\t\t\t\t\t\t\t\t\t<\/div>\n\t\t\t\t<\/div>\n\t\t\t\t\t<\/div>\n\t\t<\/div>\n\t\t\t\t<div class=\"elementor-column elementor-col-50 elementor-top-column elementor-element elementor-element-77873fac\" data-id=\"77873fac\" data-element_type=\"column\" data-e-type=\"column\">\n\t\t\t<div class=\"elementor-widget-wrap elementor-element-populated\">\n\t\t\t\t\t\t<div class=\"elementor-element elementor-element-11b869d2 elementor-widget elementor-widget-heading\" data-id=\"11b869d2\" data-element_type=\"widget\" data-e-type=\"widget\" data-widget_type=\"heading.default\">\n\t\t\t\t<div class=\"elementor-widget-container\">\n\t\t\t\t\t<h3 class=\"elementor-heading-title elementor-size-default\">PL\u00c1STICO<\/h3>\t\t\t\t<\/div>\n\t\t\t\t<\/div>\n\t\t\t\t<div class=\"elementor-element elementor-element-11de36c2 elementor-widget elementor-widget-text-editor\" data-id=\"11de36c2\" data-element_type=\"widget\" data-e-type=\"widget\" data-widget_type=\"text-editor.default\">\n\t\t\t\t<div class=\"elementor-widget-container\">\n\t\t\t\t\t\t\t\t\t<p>&#8211; MASTERBATCH DE L\u00cdNEA<\/p><p>&#8211; MASTERBATCH ESPECIALES<\/p><p>&#8211; MASTERBATCH FLUORESCENTES<\/p><p>&#8211; DI\u00d3XIDO DE TITANIO<\/p>\t\t\t\t\t\t\t\t<\/div>\n\t\t\t\t<\/div>\n\t\t\t\t<div class=\"elementor-element elementor-element-29389ff9 elementor-align-left elementor-mobile-align-center elementor-widget elementor-widget-button\" data-id=\"29389ff9\" data-element_type=\"widget\" data-e-type=\"widget\" data-widget_type=\"button.default\">\n\t\t\t\t<div class=\"elementor-widget-container\">\n\t\t\t\t\t\t\t\t\t<div class=\"elementor-button-wrapper\">\n\t\t\t\t\t<a class=\"elementor-button elementor-button-link elementor-size-md\" href=\"#\">\n\t\t\t\t\t\t<span class=\"elementor-button-content-wrapper\">\n\t\t\t\t\t\t<span class=\"elementor-button-icon\">\n\t\t\t\t<i aria-hidden=\"true\" class=\"fas fa-angle-double-right\"><\/i>\t\t\t<\/span>\n\t\t\t\t\t\t\t\t\t<span class=\"elementor-button-text\">Read More<\/span>\n\t\t\t\t\t<\/span>\n\t\t\t\t\t<\/a>\n\t\t\t\t<\/div>\n\t\t\t\t\t\t\t\t<\/div>\n\t\t\t\t<\/div>\n\t\t\t\t\t<\/div>\n\t\t<\/div>\n\t\t\t\t\t<\/div>\n\t\t<\/section>\n\t\t\t\t<section class=\"elementor-section elementor-top-section elementor-element elementor-element-6e52a23e elementor-section-content-middle elementor-reverse-mobile elementor-section-boxed elementor-section-height-default elementor-section-height-default\" data-id=\"6e52a23e\" data-element_type=\"section\" data-e-type=\"section\">\n\t\t\t\t\t\t<div class=\"elementor-container elementor-column-gap-default\">\n\t\t\t\t\t<div class=\"elementor-column elementor-col-50 elementor-top-column elementor-element elementor-element-679268e\" data-id=\"679268e\" data-element_type=\"column\" data-e-type=\"column\">\n\t\t\t<div class=\"elementor-widget-wrap elementor-element-populated\">\n\t\t\t\t\t\t<div class=\"elementor-element elementor-element-1185eb91 elementor-widget elementor-widget-heading\" data-id=\"1185eb91\" data-element_type=\"widget\" data-e-type=\"widget\" data-widget_type=\"heading.default\">\n\t\t\t\t<div class=\"elementor-widget-container\">\n\t\t\t\t\t<h3 class=\"elementor-heading-title elementor-size-default\">TRATAMIENTO DE AGUAS<\/h3>\t\t\t\t<\/div>\n\t\t\t\t<\/div>\n\t\t\t\t<div class=\"elementor-element elementor-element-3bfca4e4 elementor-widget elementor-widget-text-editor\" data-id=\"3bfca4e4\" data-element_type=\"widget\" data-e-type=\"widget\" data-widget_type=\"text-editor.default\">\n\t\t\t\t<div class=\"elementor-widget-container\">\n\t\t\t\t\t\t\t\t\t<p>&#8211; CLOROS<\/p><p>&#8211; CLARIFICADORES\u00a0<\/p><p>&#8211; DESINFECTANTES<\/p><p>&#8211; FLOCULANTES<\/p><p>&#8211; HIPOCLORITOS<\/p><p>&#8211; POLICLORUROS<\/p><p>&#8211; SULFATOS<\/p><p>\u00a0<\/p>\t\t\t\t\t\t\t\t<\/div>\n\t\t\t\t<\/div>\n\t\t\t\t<div class=\"elementor-element elementor-element-43f76e36 elementor-align-left elementor-mobile-align-center elementor-widget elementor-widget-button\" data-id=\"43f76e36\" data-element_type=\"widget\" data-e-type=\"widget\" data-widget_type=\"button.default\">\n\t\t\t\t<div class=\"elementor-widget-container\">\n\t\t\t\t\t\t\t\t\t<div class=\"elementor-button-wrapper\">\n\t\t\t\t\t<a class=\"elementor-button elementor-button-link elementor-size-md\" href=\"#\">\n\t\t\t\t\t\t<span class=\"elementor-button-content-wrapper\">\n\t\t\t\t\t\t<span class=\"elementor-button-icon\">\n\t\t\t\t<i aria-hidden=\"true\" class=\"fas fa-angle-double-right\"><\/i>\t\t\t<\/span>\n\t\t\t\t\t\t\t\t\t<span class=\"elementor-button-text\">Read More<\/span>\n\t\t\t\t\t<\/span>\n\t\t\t\t\t<\/a>\n\t\t\t\t<\/div>\n\t\t\t\t\t\t\t\t<\/div>\n\t\t\t\t<\/div>\n\t\t\t\t\t<\/div>\n\t\t<\/div>\n\t\t\t\t<div class=\"elementor-column elementor-col-50 elementor-top-column elementor-element elementor-element-7245dda1\" data-id=\"7245dda1\" data-element_type=\"column\" data-e-type=\"column\">\n\t\t\t<div class=\"elementor-widget-wrap elementor-element-populated\">\n\t\t\t\t\t\t<div class=\"elementor-element elementor-element-4c95f8d6 elementor-widget elementor-widget-image\" data-id=\"4c95f8d6\" data-element_type=\"widget\" data-e-type=\"widget\" data-widget_type=\"image.default\">\n\t\t\t\t<div class=\"elementor-widget-container\">\n\t\t\t\t\t\t\t\t\t\t\t\t\t\t\t<img decoding=\"async\" width=\"1024\" height=\"547\" src=\"https:\/\/solcolor.com.co\/wp-content\/uploads\/2020\/10\/Agua-1024x547.jpg\" class=\"attachment-large size-large wp-image-598\" alt=\"\" srcset=\"https:\/\/solcolor.com.co\/wp-content\/uploads\/2020\/10\/Agua-1024x547.jpg 1024w, https:\/\/solcolor.com.co\/wp-content\/uploads\/2020\/10\/Agua-300x160.jpg 300w, https:\/\/solcolor.com.co\/wp-content\/uploads\/2020\/10\/Agua-768x410.jpg 768w, https:\/\/solcolor.com.co\/wp-content\/uploads\/2020\/10\/Agua-1536x821.jpg 1536w, https:\/\/solcolor.com.co\/wp-content\/uploads\/2020\/10\/Agua-16x9.jpg 16w, https:\/\/solcolor.com.co\/wp-content\/uploads\/2020\/10\/Agua-600x321.jpg 600w, https:\/\/solcolor.com.co\/wp-content\/uploads\/2020\/10\/Agua.jpg 2048w\" sizes=\"(max-width: 1024px) 100vw, 1024px\" \/>\t\t\t\t\t\t\t\t\t\t\t\t\t\t\t<\/div>\n\t\t\t\t<\/div>\n\t\t\t\t\t<\/div>\n\t\t<\/div>\n\t\t\t\t\t<\/div>\n\t\t<\/section>\n\t\t\t\t<section class=\"elementor-section elementor-top-section elementor-element elementor-element-bcf96f7 elementor-section-content-middle elementor-reverse-mobile elementor-section-boxed elementor-section-height-default elementor-section-height-default\" data-id=\"bcf96f7\" data-element_type=\"section\" data-e-type=\"section\">\n\t\t\t\t\t\t<div class=\"elementor-container elementor-column-gap-default\">\n\t\t\t\t\t<div class=\"elementor-column elementor-col-50 elementor-top-column elementor-element elementor-element-eea674d\" data-id=\"eea674d\" data-element_type=\"column\" data-e-type=\"column\">\n\t\t\t<div class=\"elementor-widget-wrap elementor-element-populated\">\n\t\t\t\t\t\t<div class=\"elementor-element elementor-element-2ad986f elementor-widget elementor-widget-heading\" data-id=\"2ad986f\" data-element_type=\"widget\" data-e-type=\"widget\" data-widget_type=\"heading.default\">\n\t\t\t\t<div class=\"elementor-widget-container\">\n\t\t\t\t\t<h3 class=\"elementor-heading-title elementor-size-default\">lLIMPIEZA Y DESINFECCI\u00d3N<\/h3>\t\t\t\t<\/div>\n\t\t\t\t<\/div>\n\t\t\t\t<div class=\"elementor-element elementor-element-c356100 elementor-widget elementor-widget-text-editor\" data-id=\"c356100\" data-element_type=\"widget\" data-e-type=\"widget\" data-widget_type=\"text-editor.default\">\n\t\t\t\t<div class=\"elementor-widget-container\">\n\t\t\t\t\t\t\t\t\t<p>&#8211; \u00c1CIDO AC\u00c9TICO, C\u00cdTRICO, FOSF\u00d3RICO, N\u00cdTRICO, OX\u00c1LICO, SULF\u00d3NICO<\/p><p>&#8211; ALCOHOLES<\/p><p>&#8211; AMONIO CUATERNARIO DE QUINTA GENERACI\u00d3N<\/p><p>&#8211; BICARBONATO DE SODIO<\/p><p>&#8211; <b>COLORANTES<\/b><\/p><p>&#8211; DESENGRASANTES, DETERGENTES<\/p><p>&#8211; FOSFATO TRIS\u00d3DICO<\/p><p>&#8211; HIPOCLORITOS<\/p><p>&#8211; LAURIL ELTER SULFATO DE SODIO<\/p><p>&#8211; PER\u00d3XIDO DE HIDR\u00d3GENO<\/p><p>&#8211; SODA C\u00c1USTICA<\/p><p>&#8211; ENTRE OTROS\u2026.<\/p>\t\t\t\t\t\t\t\t<\/div>\n\t\t\t\t<\/div>\n\t\t\t\t<div class=\"elementor-element elementor-element-cd5ed64 elementor-align-left elementor-mobile-align-center elementor-widget elementor-widget-button\" data-id=\"cd5ed64\" data-element_type=\"widget\" data-e-type=\"widget\" data-widget_type=\"button.default\">\n\t\t\t\t<div class=\"elementor-widget-container\">\n\t\t\t\t\t\t\t\t\t<div class=\"elementor-button-wrapper\">\n\t\t\t\t\t<a class=\"elementor-button elementor-button-link elementor-size-md\" href=\"#\">\n\t\t\t\t\t\t<span class=\"elementor-button-content-wrapper\">\n\t\t\t\t\t\t<span class=\"elementor-button-icon\">\n\t\t\t\t<i aria-hidden=\"true\" class=\"fas fa-angle-double-right\"><\/i>\t\t\t<\/span>\n\t\t\t\t\t\t\t\t\t<span class=\"elementor-button-text\">Read More<\/span>\n\t\t\t\t\t<\/span>\n\t\t\t\t\t<\/a>\n\t\t\t\t<\/div>\n\t\t\t\t\t\t\t\t<\/div>\n\t\t\t\t<\/div>\n\t\t\t\t\t<\/div>\n\t\t<\/div>\n\t\t\t\t<div class=\"elementor-column elementor-col-50 elementor-top-column elementor-element elementor-element-e7efb3d\" data-id=\"e7efb3d\" data-element_type=\"column\" data-e-type=\"column\">\n\t\t\t<div class=\"elementor-widget-wrap elementor-element-populated\">\n\t\t\t\t\t\t<div class=\"elementor-element elementor-element-7e91bea elementor-widget elementor-widget-image\" data-id=\"7e91bea\" data-element_type=\"widget\" data-e-type=\"widget\" data-widget_type=\"image.default\">\n\t\t\t\t<div class=\"elementor-widget-container\">\n\t\t\t\t\t\t\t\t\t\t\t\t\t\t\t<img loading=\"lazy\" decoding=\"async\" width=\"940\" height=\"627\" src=\"https:\/\/solcolor.com.co\/wp-content\/uploads\/2020\/10\/Aseo-1.jpg\" class=\"attachment-full size-full wp-image-615\" alt=\"\" srcset=\"https:\/\/solcolor.com.co\/wp-content\/uploads\/2020\/10\/Aseo-1.jpg 940w, https:\/\/solcolor.com.co\/wp-content\/uploads\/2020\/10\/Aseo-1-300x200.jpg 300w, https:\/\/solcolor.com.co\/wp-content\/uploads\/2020\/10\/Aseo-1-768x512.jpg 768w, https:\/\/solcolor.com.co\/wp-content\/uploads\/2020\/10\/Aseo-1-16x12.jpg 16w, https:\/\/solcolor.com.co\/wp-content\/uploads\/2020\/10\/Aseo-1-600x400.jpg 600w\" sizes=\"(max-width: 940px) 100vw, 940px\" \/>\t\t\t\t\t\t\t\t\t\t\t\t\t\t\t<\/div>\n\t\t\t\t<\/div>\n\t\t\t\t\t<\/div>\n\t\t<\/div>\n\t\t\t\t\t<\/div>\n\t\t<\/section>\n\t\t\t\t<section class=\"elementor-section elementor-top-section elementor-element elementor-element-9dca564 elementor-section-boxed elementor-section-height-default elementor-section-height-default\" data-id=\"9dca564\" data-element_type=\"section\" data-e-type=\"section\" data-settings=\"{&quot;background_background&quot;:&quot;gradient&quot;,&quot;shape_divider_bottom&quot;:&quot;arrow&quot;,&quot;shape_divider_bottom_negative&quot;:&quot;yes&quot;}\">\n\t\t\t\t\t<div class=\"elementor-shape elementor-shape-bottom\" aria-hidden=\"true\" data-negative=\"true\">\n\t\t\t<svg xmlns=\"http:\/\/www.w3.org\/2000\/svg\" viewbox=\"0 0 700 10\" preserveaspectratio=\"none\">\n\t<path class=\"elementor-shape-fill\" d=\"M360 0L350 9.9 340 0 0 0 0 10 700 10 700 0\"\/>\n<\/svg>\t\t<\/div>\n\t\t\t\t\t<div class=\"elementor-container elementor-column-gap-default\">\n\t\t\t\t\t<div class=\"elementor-column elementor-col-100 elementor-top-column elementor-element elementor-element-6ce83b32\" data-id=\"6ce83b32\" data-element_type=\"column\" data-e-type=\"column\">\n\t\t\t<div class=\"elementor-widget-wrap elementor-element-populated\">\n\t\t\t\t\t\t<div class=\"elementor-element elementor-element-35c35e5d elementor-widget elementor-widget-heading\" data-id=\"35c35e5d\" data-element_type=\"widget\" data-e-type=\"widget\" data-widget_type=\"heading.default\">\n\t\t\t\t<div class=\"elementor-widget-container\">\n\t\t\t\t\t<h3 class=\"elementor-heading-title elementor-size-default\">VENDEMOS CONFIANZA<\/h3>\t\t\t\t<\/div>\n\t\t\t\t<\/div>\n\t\t\t\t<div class=\"elementor-element elementor-element-771d2f6b elementor-widget elementor-widget-testimonial\" data-id=\"771d2f6b\" data-element_type=\"widget\" data-e-type=\"widget\" data-widget_type=\"testimonial.default\">\n\t\t\t\t<div class=\"elementor-widget-container\">\n\t\t\t\t\t\t\t<div class=\"elementor-testimonial-wrapper\">\n\t\t\t\n\t\t\t\t\t\t<div class=\"elementor-testimonial-meta elementor-has-image elementor-testimonial-image-position-top\">\n\t\t\t\t<div class=\"elementor-testimonial-meta-inner\">\n\t\t\t\t\t\t\t\t\t\t\t<div class=\"elementor-testimonial-image\">\n\t\t\t\t\t\t\t<img loading=\"lazy\" decoding=\"async\" width=\"222\" height=\"220\" src=\"https:\/\/solcolor.com.co\/wp-content\/uploads\/2020\/11\/Erlenmeyer.png\" class=\"attachment-full size-full wp-image-903\" alt=\"\" srcset=\"https:\/\/solcolor.com.co\/wp-content\/uploads\/2020\/11\/Erlenmeyer.png 222w, https:\/\/solcolor.com.co\/wp-content\/uploads\/2020\/11\/Erlenmeyer-150x150.png 150w, https:\/\/solcolor.com.co\/wp-content\/uploads\/2020\/11\/Erlenmeyer-12x12.png 12w, https:\/\/solcolor.com.co\/wp-content\/uploads\/2020\/11\/Erlenmeyer-100x100.png 100w\" sizes=\"(max-width: 222px) 100vw, 222px\" \/>\t\t\t\t\t\t<\/div>\n\t\t\t\t\t\n\t\t\t\t\t\t\t\t\t\t<div class=\"elementor-testimonial-details\">\n\t\t\t\t\t\t\t\t\t\t\t\t\t\t<div class=\"elementor-testimonial-name\">SOLCOLOR<\/div>\n\t\t\t\t\t\t\t\t\t\t\t\t\t\t\t\t\t\t\t\t\t\t<div class=\"elementor-testimonial-job\">SOLUCIONES QU\u00cdMICAS Y COLORANTES<\/div>\n\t\t\t\t\t\t\t\t\t\t\t\t\t<\/div>\n\t\t\t\t\t\t\t\t\t<\/div>\n\t\t\t<\/div>\n\t\t\t\t\t<\/div>\n\t\t\t\t\t\t<\/div>\n\t\t\t\t<\/div>\n\t\t\t\t\t<\/div>\n\t\t<\/div>\n\t\t\t\t\t<\/div>\n\t\t<\/section>\n\t\t\t\t<section class=\"elementor-section elementor-top-section elementor-element elementor-element-9e7087f elementor-section-boxed elementor-section-height-default elementor-section-height-default\" data-id=\"9e7087f\" data-element_type=\"section\" data-e-type=\"section\" data-settings=\"{&quot;background_background&quot;:&quot;classic&quot;}\">\n\t\t\t\t\t\t<div class=\"elementor-container elementor-column-gap-default\">\n\t\t\t\t\t<div class=\"elementor-column elementor-col-50 elementor-top-column elementor-element elementor-element-7c1c174\" data-id=\"7c1c174\" data-element_type=\"column\" data-e-type=\"column\">\n\t\t\t<div class=\"elementor-widget-wrap elementor-element-populated\">\n\t\t\t\t\t\t<div class=\"elementor-element elementor-element-1aa627f elementor-widget elementor-widget-heading\" data-id=\"1aa627f\" data-element_type=\"widget\" data-e-type=\"widget\" data-widget_type=\"heading.default\">\n\t\t\t\t<div class=\"elementor-widget-container\">\n\t\t\t\t\t<h2 class=\"elementor-heading-title elementor-size-default\">Contacta con Nosotros:<\/h2>\t\t\t\t<\/div>\n\t\t\t\t<\/div>\n\t\t\t\t\t<\/div>\n\t\t<\/div>\n\t\t\t\t<div class=\"elementor-column elementor-col-50 elementor-top-column elementor-element elementor-element-cd5c1f5\" data-id=\"cd5c1f5\" data-element_type=\"column\" data-e-type=\"column\">\n\t\t\t<div class=\"elementor-widget-wrap elementor-element-populated\">\n\t\t\t\t\t\t<div class=\"elementor-element elementor-element-fb2b105 elementor-widget elementor-widget-heading\" data-id=\"fb2b105\" data-element_type=\"widget\" data-e-type=\"widget\" data-widget_type=\"heading.default\">\n\t\t\t\t<div class=\"elementor-widget-container\">\n\t\t\t\t\t<h2 class=\"elementor-heading-title elementor-size-default\">(57604) 5820008\n<br>(57) 316 4685660<\/h2>\t\t\t\t<\/div>\n\t\t\t\t<\/div>\n\t\t\t\t\t<\/div>\n\t\t<\/div>\n\t\t\t\t\t<\/div>\n\t\t<\/section>\n\t\t\t\t<\/div>","protected":false},"excerpt":{"rendered":"<p>PRODUCTOS Y SOLUCIONES TEXTIL &#8211; COLORANTES DIRECTOS &#8211; COLORANTES REACTIVOS &#8211; COLORANTES DISPERSOS &#8211; COLORANTES \u00c1CIDOS &#8211; DISPERSIONES PIGMENTARIAS &#8211; AUXILIARES TEXTILES &#8211; PRODUCTOS GEN\u00c9RICOS Read More PL\u00c1STICO &#8211; MASTERBATCH DE L\u00cdNEA &#8211; MASTERBATCH ESPECIALES &#8211; MASTERBATCH FLUORESCENTES &#8211; DI\u00d3XIDO DE TITANIO Read More TRATAMIENTO DE AGUAS &#8211; CLOROS &#8211; CLARIFICADORES\u00a0 &#8211; DESINFECTANTES &#8211; FLOCULANTES [&hellip;]<\/p>\n","protected":false},"author":1,"featured_media":0,"parent":0,"menu_order":0,"comment_status":"closed","ping_status":"closed","template":"","meta":{"zakra_sidebar_layout":"contained","zakra_remove_content_margin":false,"zakra_sidebar":"customizer","zakra_transparent_header":"customizer","zakra_logo":0,"zakra_main_header_style":"default","zakra_menu_item_color":"","zakra_menu_item_hover_color":"","zakra_menu_item_active_color":"","zakra_menu_active_style":"","zakra_page_header":true,"_joinchat":[],"footnotes":""},"class_list":["post-673","page","type-page","status-publish","hentry"],"_links":{"self":[{"href":"https:\/\/solcolor.com.co\/en\/wp-json\/wp\/v2\/pages\/673","targetHints":{"allow":["GET"]}}],"collection":[{"href":"https:\/\/solcolor.com.co\/en\/wp-json\/wp\/v2\/pages"}],"about":[{"href":"https:\/\/solcolor.com.co\/en\/wp-json\/wp\/v2\/types\/page"}],"author":[{"embeddable":true,"href":"https:\/\/solcolor.com.co\/en\/wp-json\/wp\/v2\/users\/1"}],"replies":[{"embeddable":true,"href":"https:\/\/solcolor.com.co\/en\/wp-json\/wp\/v2\/comments?post=673"}],"version-history":[{"count":59,"href":"https:\/\/solcolor.com.co\/en\/wp-json\/wp\/v2\/pages\/673\/revisions"}],"predecessor-version":[{"id":1169,"href":"https:\/\/solcolor.com.co\/en\/wp-json\/wp\/v2\/pages\/673\/revisions\/1169"}],"wp:attachment":[{"href":"https:\/\/solcolor.com.co\/en\/wp-json\/wp\/v2\/media?parent=673"}],"curies":[{"name":"wp","href":"https:\/\/api.w.org\/{rel}","templated":true}]}}