{"id":565,"date":"2020-08-10T09:06:27","date_gmt":"2020-08-10T09:06:27","guid":{"rendered":"https:\/\/zakrademos.com\/travel\/?page_id=565"},"modified":"2023-07-26T14:37:27","modified_gmt":"2023-07-26T14:37:27","slug":"nosotros","status":"publish","type":"page","link":"https:\/\/solcolor.com.co\/en\/nosotros\/","title":{"rendered":"Nosotros"},"content":{"rendered":"<div data-elementor-type=\"wp-page\" data-elementor-id=\"565\" class=\"elementor elementor-565\">\n\t\t\t\t\t\t<section class=\"elementor-section elementor-top-section elementor-element elementor-element-76df916a elementor-section-content-middle elementor-reverse-mobile elementor-section-boxed elementor-section-height-default elementor-section-height-default\" data-id=\"76df916a\" data-element_type=\"section\" data-e-type=\"section\" data-settings=\"{&quot;background_background&quot;:&quot;classic&quot;}\">\n\t\t\t\t\t\t<div class=\"elementor-container elementor-column-gap-default\">\n\t\t\t\t\t<div class=\"elementor-column elementor-col-50 elementor-top-column elementor-element elementor-element-3379b162\" data-id=\"3379b162\" data-element_type=\"column\" data-e-type=\"column\">\n\t\t\t<div class=\"elementor-widget-wrap elementor-element-populated\">\n\t\t\t\t\t\t<div class=\"elementor-element elementor-element-4ca24ecb elementor-widget elementor-widget-icon-box\" data-id=\"4ca24ecb\" data-element_type=\"widget\" data-e-type=\"widget\" data-widget_type=\"icon-box.default\">\n\t\t\t\t<div class=\"elementor-widget-container\">\n\t\t\t\t\t\t\t<div class=\"elementor-icon-box-wrapper\">\n\n\t\t\t\n\t\t\t\t\t\t<div class=\"elementor-icon-box-content\">\n\n\t\t\t\t\t\t\t\t\t<h3 class=\"elementor-icon-box-title\">\n\t\t\t\t\t\t<span  >\n\t\t\t\t\t\t\tQuienes S\u00f3mos?\t\t\t\t\t\t<\/span>\n\t\t\t\t\t<\/h3>\n\t\t\t\t\n\t\t\t\t\t\t\t\t\t<p class=\"elementor-icon-box-description\">\n\t\t\t\t\t\tEn SOLCOLOR Soluciones Qu\u00edmicas y Colorantes SAS, creamos CONFIANZA en nuestros clientes, proveedores y equipo de trabajo a partir de nuestras pol\u00edticas de servicio, asistencia t\u00e9cnica y, calidad y respaldo de nuestros productos.      \n\nSomos una empresa Colombiana, dedicada a la comercializaci\u00f3n de productos qu\u00edmicos industriales y colorantes a nivel nacional.                  \n\nNuestro portafolio de productos, incluye soluciones para las industrias TEXTIL, PL\u00c1STICO, TRATAMIENTO DE AGUAS, LIMPIEZA Y DESINFECCI\u00d3N y OTRAS INDUSTRIAS.        \n\t\t\t\t\t<\/p>\n\t\t\t\t\n\t\t\t<\/div>\n\t\t\t\n\t\t<\/div>\n\t\t\t\t\t\t<\/div>\n\t\t\t\t<\/div>\n\t\t\t\t\t<\/div>\n\t\t<\/div>\n\t\t\t\t<div class=\"elementor-column elementor-col-50 elementor-top-column elementor-element elementor-element-63706446\" data-id=\"63706446\" data-element_type=\"column\" data-e-type=\"column\">\n\t\t\t<div class=\"elementor-widget-wrap elementor-element-populated\">\n\t\t\t\t\t\t<div class=\"elementor-element elementor-element-37d6a4f elementor-widget elementor-widget-image\" data-id=\"37d6a4f\" data-element_type=\"widget\" data-e-type=\"widget\" data-widget_type=\"image.default\">\n\t\t\t\t<div class=\"elementor-widget-container\">\n\t\t\t\t\t\t\t\t\t\t\t\t\t\t\t<img fetchpriority=\"high\" decoding=\"async\" width=\"500\" height=\"400\" src=\"https:\/\/solcolor.com.co\/wp-content\/uploads\/2020\/11\/Captura-1.jpg\" class=\"attachment-full size-full wp-image-985\" alt=\"\" srcset=\"https:\/\/solcolor.com.co\/wp-content\/uploads\/2020\/11\/Captura-1.jpg 500w, https:\/\/solcolor.com.co\/wp-content\/uploads\/2020\/11\/Captura-1-300x240.jpg 300w, https:\/\/solcolor.com.co\/wp-content\/uploads\/2020\/11\/Captura-1-16x12.jpg 16w\" sizes=\"(max-width: 500px) 100vw, 500px\" \/>\t\t\t\t\t\t\t\t\t\t\t\t\t\t\t<\/div>\n\t\t\t\t<\/div>\n\t\t\t\t\t<\/div>\n\t\t<\/div>\n\t\t\t\t\t<\/div>\n\t\t<\/section>\n\t\t\t\t<section class=\"elementor-section elementor-top-section elementor-element elementor-element-1ff9164a elementor-section-boxed elementor-section-height-default elementor-section-height-default\" data-id=\"1ff9164a\" data-element_type=\"section\" data-e-type=\"section\" data-settings=\"{&quot;background_background&quot;:&quot;classic&quot;}\">\n\t\t\t\t\t\t<div class=\"elementor-container elementor-column-gap-default\">\n\t\t\t\t\t<div class=\"elementor-column elementor-col-25 elementor-top-column elementor-element elementor-element-595993fd\" data-id=\"595993fd\" data-element_type=\"column\" data-e-type=\"column\">\n\t\t\t<div class=\"elementor-widget-wrap elementor-element-populated\">\n\t\t\t\t\t\t<div class=\"elementor-element elementor-element-512445f6 elementor-position-top elementor-widget elementor-widget-image-box\" data-id=\"512445f6\" data-element_type=\"widget\" data-e-type=\"widget\" data-widget_type=\"image-box.default\">\n\t\t\t\t<div class=\"elementor-widget-container\">\n\t\t\t\t\t<div class=\"elementor-image-box-wrapper\"><figure class=\"elementor-image-box-img\"><img decoding=\"async\" src=\"https:\/\/solcolor.com.co\/wp-content\/uploads\/2020\/10\/Mano-Color.png\" title=\"Mano Color\" alt=\"Mano Color\" loading=\"lazy\" \/><\/figure><div class=\"elementor-image-box-content\"><h3 class=\"elementor-image-box-title\">CONFIANZA<\/h3><p class=\"elementor-image-box-description\">Generamos\nCONFIANZA en\nnuestros\nclientes,\nproveedores y\nequipo de\ntrabajo, a partir\nde nuestras\npol\u00edticas de\nservicio,\nasistencia\nt\u00e9cnica, experiencia, \ncalidad y\nrespaldo de\nnuestros\nproductos.<\/p><\/div><\/div>\t\t\t\t<\/div>\n\t\t\t\t<\/div>\n\t\t\t\t\t<\/div>\n\t\t<\/div>\n\t\t\t\t<div class=\"elementor-column elementor-col-25 elementor-top-column elementor-element elementor-element-3641f5ad\" data-id=\"3641f5ad\" data-element_type=\"column\" data-e-type=\"column\">\n\t\t\t<div class=\"elementor-widget-wrap elementor-element-populated\">\n\t\t\t\t\t\t<div class=\"elementor-element elementor-element-1bb77b54 elementor-position-top elementor-widget elementor-widget-image-box\" data-id=\"1bb77b54\" data-element_type=\"widget\" data-e-type=\"widget\" data-widget_type=\"image-box.default\">\n\t\t\t\t<div class=\"elementor-widget-container\">\n\t\t\t\t\t<div class=\"elementor-image-box-wrapper\"><figure class=\"elementor-image-box-img\"><img decoding=\"async\" src=\"https:\/\/solcolor.com.co\/wp-content\/uploads\/2020\/10\/Asesoria-Tecnica-300x300.jpg\" title=\"Scientific team\" alt=\"Young researcher discussing liquid in test-tube with his colleague\" loading=\"lazy\" \/><\/figure><div class=\"elementor-image-box-content\"><h3 class=\"elementor-image-box-title\">ASESOR\u00cdA T\u00c9CNICA<\/h3><p class=\"elementor-image-box-description\">Contamos con\namplia\nexperiencia en\ncada uno de\nlos sectores\natendidos. As\u00ed\nmismo nuestro\nalto nivel de\nservicio\nasegura una\noportuna y\neficaz\nrespuesta a las\nnecesidades\nde nuestros\nclientes.<\/p><\/div><\/div>\t\t\t\t<\/div>\n\t\t\t\t<\/div>\n\t\t\t\t\t<\/div>\n\t\t<\/div>\n\t\t\t\t<div class=\"elementor-column elementor-col-25 elementor-top-column elementor-element elementor-element-79af9c75\" data-id=\"79af9c75\" data-element_type=\"column\" data-e-type=\"column\">\n\t\t\t<div class=\"elementor-widget-wrap elementor-element-populated\">\n\t\t\t\t\t\t<div class=\"elementor-element elementor-element-33565cf5 elementor-position-top elementor-widget elementor-widget-image-box\" data-id=\"33565cf5\" data-element_type=\"widget\" data-e-type=\"widget\" data-widget_type=\"image-box.default\">\n\t\t\t\t<div class=\"elementor-widget-container\">\n\t\t\t\t\t<div class=\"elementor-image-box-wrapper\"><figure class=\"elementor-image-box-img\"><img decoding=\"async\" src=\"https:\/\/solcolor.com.co\/wp-content\/uploads\/2020\/10\/Calidad-Color-2-300x300.jpg\" title=\"Calidad Color 2\" alt=\"Calidad Color 2\" loading=\"lazy\" \/><\/figure><div class=\"elementor-image-box-content\"><h3 class=\"elementor-image-box-title\">CALIDAD<\/h3><p class=\"elementor-image-box-description\">Nuestras alianzas estrat\u00e9gicas aseguran materias primas y productos con los m\u00e1s altos est\u00e1ndares de calidad, regulados por normas nacionales e internacionales, para la completa satisfacci\u00f3n de nuestros clientes.<\/p><\/div><\/div>\t\t\t\t<\/div>\n\t\t\t\t<\/div>\n\t\t\t\t\t<\/div>\n\t\t<\/div>\n\t\t\t\t<div class=\"elementor-column elementor-col-25 elementor-top-column elementor-element elementor-element-1b506d90\" data-id=\"1b506d90\" data-element_type=\"column\" data-e-type=\"column\">\n\t\t\t<div class=\"elementor-widget-wrap elementor-element-populated\">\n\t\t\t\t\t\t<div class=\"elementor-element elementor-element-11aa9fc0 elementor-position-top elementor-widget elementor-widget-image-box\" data-id=\"11aa9fc0\" data-element_type=\"widget\" data-e-type=\"widget\" data-widget_type=\"image-box.default\">\n\t\t\t\t<div class=\"elementor-widget-container\">\n\t\t\t\t\t<div class=\"elementor-image-box-wrapper\"><figure class=\"elementor-image-box-img\"><img decoding=\"async\" src=\"https:\/\/solcolor.com.co\/wp-content\/uploads\/2020\/10\/Auxiliar-Bodega-300x300.jpg\" title=\"Auxiliar Bodega\" alt=\"Auxiliar Bodega\" loading=\"lazy\" \/><\/figure><div class=\"elementor-image-box-content\"><h3 class=\"elementor-image-box-title\">LOG\u00cdSTICA<\/h3><p class=\"elementor-image-box-description\">Una de nuestras ventajas competitivas es la  flexibilidad y agilidad en los tiempos de entrega. Nuestra log\u00edstica se integra en la cadena de valor de nuestros clientes contribuyendo en la eficiencia de sus procesos con entregas oportunas y a su medida.\n<\/p><\/div><\/div>\t\t\t\t<\/div>\n\t\t\t\t<\/div>\n\t\t\t\t\t<\/div>\n\t\t<\/div>\n\t\t\t\t\t<\/div>\n\t\t<\/section>\n\t\t\t\t<section class=\"elementor-section elementor-top-section elementor-element elementor-element-84930aa elementor-section-boxed elementor-section-height-default elementor-section-height-default\" data-id=\"84930aa\" data-element_type=\"section\" data-e-type=\"section\" data-settings=\"{&quot;background_background&quot;:&quot;classic&quot;}\">\n\t\t\t\t\t\t\t<div class=\"elementor-background-overlay\"><\/div>\n\t\t\t\t\t\t\t<div class=\"elementor-container elementor-column-gap-default\">\n\t\t\t\t\t<div class=\"elementor-column elementor-col-100 elementor-top-column elementor-element elementor-element-bbd0cc1\" data-id=\"bbd0cc1\" data-element_type=\"column\" data-e-type=\"column\">\n\t\t\t<div class=\"elementor-widget-wrap elementor-element-populated\">\n\t\t\t\t\t\t<div class=\"elementor-element elementor-element-0f5ffd7 elementor-widget elementor-widget-heading\" data-id=\"0f5ffd7\" data-element_type=\"widget\" data-e-type=\"widget\" data-widget_type=\"heading.default\">\n\t\t\t\t<div class=\"elementor-widget-container\">\n\t\t\t\t\t<h2 class=\"elementor-heading-title elementor-size-default\">Nuestro Equipo<\/h2>\t\t\t\t<\/div>\n\t\t\t\t<\/div>\n\t\t\t\t<section class=\"elementor-section elementor-inner-section elementor-element elementor-element-d19d827 elementor-section-boxed elementor-section-height-default elementor-section-height-default\" data-id=\"d19d827\" data-element_type=\"section\" data-e-type=\"section\">\n\t\t\t\t\t\t<div class=\"elementor-container elementor-column-gap-default\">\n\t\t\t\t\t<div class=\"elementor-column elementor-col-33 elementor-inner-column elementor-element elementor-element-dee5534\" data-id=\"dee5534\" data-element_type=\"column\" data-e-type=\"column\">\n\t\t\t<div class=\"elementor-widget-wrap\">\n\t\t\t\t\t\t\t<\/div>\n\t\t<\/div>\n\t\t\t\t<div class=\"elementor-column elementor-col-33 elementor-inner-column elementor-element elementor-element-273e5a5\" data-id=\"273e5a5\" data-element_type=\"column\" data-e-type=\"column\">\n\t\t\t<div class=\"elementor-widget-wrap elementor-element-populated\">\n\t\t\t\t\t\t<div class=\"elementor-element elementor-element-9794dad elementor-widget elementor-widget-text-editor\" data-id=\"9794dad\" data-element_type=\"widget\" data-e-type=\"widget\" data-widget_type=\"text-editor.default\">\n\t\t\t\t<div class=\"elementor-widget-container\">\n\t\t\t\t\t\t\t\t\t<p>Creamos soluciones qu\u00edmicas a trav\u00e9s de un equipo de trabajo calificado, generando un compromiso con la sostenibilidad, valor ambiental, social y econ\u00f3mico para nuestros clientes.<\/p>\t\t\t\t\t\t\t\t<\/div>\n\t\t\t\t<\/div>\n\t\t\t\t<div class=\"elementor-element elementor-element-c29f320 elementor-align-center elementor-widget elementor-widget-button\" data-id=\"c29f320\" data-element_type=\"widget\" data-e-type=\"widget\" data-widget_type=\"button.default\">\n\t\t\t\t<div class=\"elementor-widget-container\">\n\t\t\t\t\t\t\t\t\t<div class=\"elementor-button-wrapper\">\n\t\t\t\t\t<a class=\"elementor-button elementor-button-link elementor-size-sm elementor-animation-grow\" href=\"http:\/\/solcolor.com.co\/en\/contacto\/\">\n\t\t\t\t\t\t<span class=\"elementor-button-content-wrapper\">\n\t\t\t\t\t\t\t\t\t<span class=\"elementor-button-text\">CONT\u00c1CTANOS<\/span>\n\t\t\t\t\t<\/span>\n\t\t\t\t\t<\/a>\n\t\t\t\t<\/div>\n\t\t\t\t\t\t\t\t<\/div>\n\t\t\t\t<\/div>\n\t\t\t\t\t<\/div>\n\t\t<\/div>\n\t\t\t\t<div class=\"elementor-column elementor-col-33 elementor-inner-column elementor-element elementor-element-144c1f4\" data-id=\"144c1f4\" data-element_type=\"column\" data-e-type=\"column\">\n\t\t\t<div class=\"elementor-widget-wrap\">\n\t\t\t\t\t\t\t<\/div>\n\t\t<\/div>\n\t\t\t\t\t<\/div>\n\t\t<\/section>\n\t\t\t\t\t<\/div>\n\t\t<\/div>\n\t\t\t\t\t<\/div>\n\t\t<\/section>\n\t\t\t\t<section class=\"elementor-section elementor-top-section elementor-element elementor-element-f335599 elementor-section-boxed elementor-section-height-default elementor-section-height-default\" data-id=\"f335599\" data-element_type=\"section\" data-e-type=\"section\" data-settings=\"{&quot;background_background&quot;:&quot;classic&quot;}\">\n\t\t\t\t\t\t<div class=\"elementor-container elementor-column-gap-default\">\n\t\t\t\t\t<div class=\"elementor-column elementor-col-100 elementor-top-column elementor-element elementor-element-7449b3a\" data-id=\"7449b3a\" data-element_type=\"column\" data-e-type=\"column\">\n\t\t\t<div class=\"elementor-widget-wrap elementor-element-populated\">\n\t\t\t\t\t\t<section class=\"elementor-section elementor-inner-section elementor-element elementor-element-93ae607 elementor-section-boxed elementor-section-height-default elementor-section-height-default\" data-id=\"93ae607\" data-element_type=\"section\" data-e-type=\"section\">\n\t\t\t\t\t\t<div class=\"elementor-container elementor-column-gap-default\">\n\t\t\t\t\t<div class=\"elementor-column elementor-col-33 elementor-inner-column elementor-element elementor-element-8877c4d\" data-id=\"8877c4d\" data-element_type=\"column\" data-e-type=\"column\">\n\t\t\t<div class=\"elementor-widget-wrap elementor-element-populated\">\n\t\t\t\t\t\t<div class=\"elementor-element elementor-element-06ac3e5 elementor-widget elementor-widget-image\" data-id=\"06ac3e5\" data-element_type=\"widget\" data-e-type=\"widget\" data-widget_type=\"image.default\">\n\t\t\t\t<div class=\"elementor-widget-container\">\n\t\t\t\t\t\t\t\t\t\t\t\t\t\t\t<img decoding=\"async\" width=\"252\" height=\"230\" src=\"https:\/\/solcolor.com.co\/wp-content\/uploads\/2021\/03\/Icono-11.png\" class=\"attachment-full size-full wp-image-1047\" alt=\"\" srcset=\"https:\/\/solcolor.com.co\/wp-content\/uploads\/2021\/03\/Icono-11.png 252w, https:\/\/solcolor.com.co\/wp-content\/uploads\/2021\/03\/Icono-11-13x12.png 13w\" sizes=\"(max-width: 252px) 100vw, 252px\" \/>\t\t\t\t\t\t\t\t\t\t\t\t\t\t\t<\/div>\n\t\t\t\t<\/div>\n\t\t\t\t<div class=\"elementor-element elementor-element-f79b6b2 elementor-widget elementor-widget-heading\" data-id=\"f79b6b2\" data-element_type=\"widget\" data-e-type=\"widget\" data-widget_type=\"heading.default\">\n\t\t\t\t<div class=\"elementor-widget-container\">\n\t\t\t\t\t<h4 class=\"elementor-heading-title elementor-size-default\">\u00c1rea T\u00e9cnica<\/h4>\t\t\t\t<\/div>\n\t\t\t\t<\/div>\n\t\t\t\t<div class=\"elementor-element elementor-element-2320276 elementor-widget elementor-widget-text-editor\" data-id=\"2320276\" data-element_type=\"widget\" data-e-type=\"widget\" data-widget_type=\"text-editor.default\">\n\t\t\t\t<div class=\"elementor-widget-container\">\n\t\t\t\t\t\t\t\t\t<p>Nuestros ingenieros est\u00e1n capacitados para brindarte la mejor asesor\u00eda t\u00e9cnica teniendo en cuenta tus procesos y nuestros productos.<\/p>\t\t\t\t\t\t\t\t<\/div>\n\t\t\t\t<\/div>\n\t\t\t\t\t<\/div>\n\t\t<\/div>\n\t\t\t\t<div class=\"elementor-column elementor-col-33 elementor-inner-column elementor-element elementor-element-f67614e\" data-id=\"f67614e\" data-element_type=\"column\" data-e-type=\"column\">\n\t\t\t<div class=\"elementor-widget-wrap elementor-element-populated\">\n\t\t\t\t\t\t<div class=\"elementor-element elementor-element-4cfc3a3 elementor-widget elementor-widget-image\" data-id=\"4cfc3a3\" data-element_type=\"widget\" data-e-type=\"widget\" data-widget_type=\"image.default\">\n\t\t\t\t<div class=\"elementor-widget-container\">\n\t\t\t\t\t\t\t\t\t\t\t\t\t\t\t<img decoding=\"async\" width=\"254\" height=\"222\" src=\"https:\/\/solcolor.com.co\/wp-content\/uploads\/2021\/03\/Icono-22.png\" class=\"attachment-full size-full wp-image-1046\" alt=\"\" srcset=\"https:\/\/solcolor.com.co\/wp-content\/uploads\/2021\/03\/Icono-22.png 254w, https:\/\/solcolor.com.co\/wp-content\/uploads\/2021\/03\/Icono-22-14x12.png 14w\" sizes=\"(max-width: 254px) 100vw, 254px\" \/>\t\t\t\t\t\t\t\t\t\t\t\t\t\t\t<\/div>\n\t\t\t\t<\/div>\n\t\t\t\t<div class=\"elementor-element elementor-element-5970a61 elementor-widget elementor-widget-heading\" data-id=\"5970a61\" data-element_type=\"widget\" data-e-type=\"widget\" data-widget_type=\"heading.default\">\n\t\t\t\t<div class=\"elementor-widget-container\">\n\t\t\t\t\t<h4 class=\"elementor-heading-title elementor-size-default\">\u00c1rea Comercial<\/h4>\t\t\t\t<\/div>\n\t\t\t\t<\/div>\n\t\t\t\t<div class=\"elementor-element elementor-element-57e8c82 elementor-widget elementor-widget-text-editor\" data-id=\"57e8c82\" data-element_type=\"widget\" data-e-type=\"widget\" data-widget_type=\"text-editor.default\">\n\t\t\t\t<div class=\"elementor-widget-container\">\n\t\t\t\t\t\t\t\t\t<p>Nuestro personal tiene la mejor disposici\u00f3n comercial para responder a las necesidades del mercado encontrando soluciones a cada una de tus necesidades.<\/p>\t\t\t\t\t\t\t\t<\/div>\n\t\t\t\t<\/div>\n\t\t\t\t\t<\/div>\n\t\t<\/div>\n\t\t\t\t<div class=\"elementor-column elementor-col-33 elementor-inner-column elementor-element elementor-element-78f4238\" data-id=\"78f4238\" data-element_type=\"column\" data-e-type=\"column\">\n\t\t\t<div class=\"elementor-widget-wrap elementor-element-populated\">\n\t\t\t\t\t\t<div class=\"elementor-element elementor-element-fd60b33 elementor-widget elementor-widget-image\" data-id=\"fd60b33\" data-element_type=\"widget\" data-e-type=\"widget\" data-widget_type=\"image.default\">\n\t\t\t\t<div class=\"elementor-widget-container\">\n\t\t\t\t\t\t\t\t\t\t\t\t\t\t\t<img loading=\"lazy\" decoding=\"async\" width=\"252\" height=\"224\" src=\"https:\/\/solcolor.com.co\/wp-content\/uploads\/2021\/03\/Icono-33.png\" class=\"attachment-full size-full wp-image-1045\" alt=\"\" srcset=\"https:\/\/solcolor.com.co\/wp-content\/uploads\/2021\/03\/Icono-33.png 252w, https:\/\/solcolor.com.co\/wp-content\/uploads\/2021\/03\/Icono-33-14x12.png 14w\" sizes=\"(max-width: 252px) 100vw, 252px\" \/>\t\t\t\t\t\t\t\t\t\t\t\t\t\t\t<\/div>\n\t\t\t\t<\/div>\n\t\t\t\t<div class=\"elementor-element elementor-element-63e5a5e elementor-widget elementor-widget-heading\" data-id=\"63e5a5e\" data-element_type=\"widget\" data-e-type=\"widget\" data-widget_type=\"heading.default\">\n\t\t\t\t<div class=\"elementor-widget-container\">\n\t\t\t\t\t<h4 class=\"elementor-heading-title elementor-size-default\">\u00c1rea Administrativa<\/h4>\t\t\t\t<\/div>\n\t\t\t\t<\/div>\n\t\t\t\t<div class=\"elementor-element elementor-element-70ba80f elementor-widget elementor-widget-text-editor\" data-id=\"70ba80f\" data-element_type=\"widget\" data-e-type=\"widget\" data-widget_type=\"text-editor.default\">\n\t\t\t\t<div class=\"elementor-widget-container\">\n\t\t\t\t\t\t\t\t\t<p>Nuestra \u00e1rea administrativa est\u00e1 a tu disposici\u00f3n para conciliar las negociaciones realizadas o brindarte informaci\u00f3n sobre nuestra empresa.<\/p>\t\t\t\t\t\t\t\t<\/div>\n\t\t\t\t<\/div>\n\t\t\t\t\t<\/div>\n\t\t<\/div>\n\t\t\t\t\t<\/div>\n\t\t<\/section>\n\t\t\t\t\t<\/div>\n\t\t<\/div>\n\t\t\t\t\t<\/div>\n\t\t<\/section>\n\t\t\t\t<section class=\"elementor-section elementor-top-section elementor-element elementor-element-3ad57a6 elementor-section-boxed elementor-section-height-default elementor-section-height-default\" data-id=\"3ad57a6\" data-element_type=\"section\" data-e-type=\"section\" data-settings=\"{&quot;background_background&quot;:&quot;classic&quot;}\">\n\t\t\t\t\t\t<div class=\"elementor-container elementor-column-gap-default\">\n\t\t\t\t\t<div class=\"elementor-column elementor-col-50 elementor-top-column elementor-element elementor-element-67297ad\" data-id=\"67297ad\" data-element_type=\"column\" data-e-type=\"column\">\n\t\t\t<div class=\"elementor-widget-wrap elementor-element-populated\">\n\t\t\t\t\t\t<div class=\"elementor-element elementor-element-9761739 elementor-widget elementor-widget-heading\" data-id=\"9761739\" data-element_type=\"widget\" data-e-type=\"widget\" data-widget_type=\"heading.default\">\n\t\t\t\t<div class=\"elementor-widget-container\">\n\t\t\t\t\t<h2 class=\"elementor-heading-title elementor-size-default\">Contacta con Nosotros:<\/h2>\t\t\t\t<\/div>\n\t\t\t\t<\/div>\n\t\t\t\t\t<\/div>\n\t\t<\/div>\n\t\t\t\t<div class=\"elementor-column elementor-col-50 elementor-top-column elementor-element elementor-element-407ca16\" data-id=\"407ca16\" data-element_type=\"column\" data-e-type=\"column\">\n\t\t\t<div class=\"elementor-widget-wrap elementor-element-populated\">\n\t\t\t\t\t\t<div class=\"elementor-element elementor-element-f7693a4 elementor-widget elementor-widget-heading\" data-id=\"f7693a4\" data-element_type=\"widget\" data-e-type=\"widget\" data-widget_type=\"heading.default\">\n\t\t\t\t<div class=\"elementor-widget-container\">\n\t\t\t\t\t<h2 class=\"elementor-heading-title elementor-size-default\">(57604) 5820008\n<br>(57) 316 4685660<\/h2>\t\t\t\t<\/div>\n\t\t\t\t<\/div>\n\t\t\t\t\t<\/div>\n\t\t<\/div>\n\t\t\t\t\t<\/div>\n\t\t<\/section>\n\t\t\t\t<\/div>","protected":false},"excerpt":{"rendered":"<p>Quienes S\u00f3mos? En SOLCOLOR Soluciones Qu\u00edmicas y Colorantes SAS, creamos CONFIANZA en nuestros clientes, proveedores y equipo de trabajo a partir de nuestras pol\u00edticas de servicio, asistencia t\u00e9cnica y, calidad y respaldo de nuestros productos. Somos una empresa Colombiana, dedicada a la comercializaci\u00f3n de productos qu\u00edmicos industriales y colorantes a nivel nacional. Nuestro portafolio de [&hellip;]<\/p>\n","protected":false},"author":1,"featured_media":0,"parent":0,"menu_order":0,"comment_status":"closed","ping_status":"closed","template":"","meta":{"zakra_sidebar_layout":"stretched","zakra_remove_content_margin":false,"zakra_sidebar":"customizer","zakra_transparent_header":"customizer","zakra_logo":0,"zakra_main_header_style":"default","zakra_menu_item_color":"","zakra_menu_item_hover_color":"","zakra_menu_item_active_color":"","zakra_menu_active_style":"","zakra_page_header":true,"_joinchat":[],"footnotes":""},"class_list":["post-565","page","type-page","status-publish","hentry"],"_links":{"self":[{"href":"https:\/\/solcolor.com.co\/en\/wp-json\/wp\/v2\/pages\/565","targetHints":{"allow":["GET"]}}],"collection":[{"href":"https:\/\/solcolor.com.co\/en\/wp-json\/wp\/v2\/pages"}],"about":[{"href":"https:\/\/solcolor.com.co\/en\/wp-json\/wp\/v2\/types\/page"}],"author":[{"embeddable":true,"href":"https:\/\/solcolor.com.co\/en\/wp-json\/wp\/v2\/users\/1"}],"replies":[{"embeddable":true,"href":"https:\/\/solcolor.com.co\/en\/wp-json\/wp\/v2\/comments?post=565"}],"version-history":[{"count":79,"href":"https:\/\/solcolor.com.co\/en\/wp-json\/wp\/v2\/pages\/565\/revisions"}],"predecessor-version":[{"id":1162,"href":"https:\/\/solcolor.com.co\/en\/wp-json\/wp\/v2\/pages\/565\/revisions\/1162"}],"wp:attachment":[{"href":"https:\/\/solcolor.com.co\/en\/wp-json\/wp\/v2\/media?parent=565"}],"curies":[{"name":"wp","href":"https:\/\/api.w.org\/{rel}","templated":true}]}}